{"id":3716,"date":"2024-11-08T11:57:09","date_gmt":"2024-11-08T10:57:09","guid":{"rendered":"https:\/\/mula.ai\/informativa-sui-cookie\/"},"modified":"2024-11-13T14:48:08","modified_gmt":"2024-11-13T13:48:08","slug":"informativa-sui-cookie","status":"publish","type":"page","link":"https:\/\/mula.ai\/it\/informativa-sui-cookie\/","title":{"rendered":"Informativa sui cookie"},"content":{"rendered":"\t\t<div data-elementor-type=\"wp-page\" data-elementor-id=\"3716\" class=\"elementor elementor-3716 elementor-3243\" data-elementor-post-type=\"page\">\n\t\t\t\t<div class=\"elementor-element elementor-element-082d213 e-con-full e-flex e-con e-parent\" data-id=\"082d213\" data-element_type=\"container\" data-e-type=\"container\" data-settings=\"{&quot;background_background&quot;:&quot;classic&quot;,&quot;shape_divider_bottom&quot;:&quot;curve-asymmetrical&quot;}\">\n\t\t\t\t<div class=\"elementor-shape elementor-shape-bottom\" aria-hidden=\"true\" data-negative=\"false\">\n\t\t\t<svg xmlns=\"http:\/\/www.w3.org\/2000\/svg\" viewBox=\"0 0 1000 100\" preserveAspectRatio=\"none\">\n\t<path class=\"elementor-shape-fill\" d=\"M0,0c0,0,0,6,0,6.7c0,18,240.2,93.6,615.2,92.6C989.8,98.5,1000,25,1000,6.7c0-0.7,0-6.7,0-6.7H0z\"\/>\n<\/svg>\t\t<\/div>\n\t\t\t\t<div class=\"elementor-element elementor-element-7efab19 elementor-widget elementor-widget-heading\" data-id=\"7efab19\" data-element_type=\"widget\" data-e-type=\"widget\" data-widget_type=\"heading.default\">\n\t\t\t\t<div class=\"elementor-widget-container\">\n\t\t\t\t\t<h2 class=\"elementor-heading-title elementor-size-default\">Informativa sui cookie<\/h2>\t\t\t\t<\/div>\n\t\t\t\t<\/div>\n\t\t\t\t<\/div>\n\t\t<div class=\"elementor-element elementor-element-8cf4a57 e-con-full e-flex e-con e-parent\" data-id=\"8cf4a57\" data-element_type=\"container\" data-e-type=\"container\">\n\t\t<div class=\"elementor-element elementor-element-534cb74 e-con-full e-flex e-con e-child\" data-id=\"534cb74\" data-element_type=\"container\" data-e-type=\"container\">\n\t\t\t\t<div class=\"elementor-element elementor-element-87cd8b5 elementor-widget elementor-widget-text-editor\" data-id=\"87cd8b5\" data-element_type=\"widget\" data-e-type=\"widget\" data-widget_type=\"text-editor.default\">\n\t\t\t\t<div class=\"elementor-widget-container\">\n\t\t\t\t\t\t\t\t\t<header class=\"header-page\">\n<p>In conformit\u00e0 alla Legge 34\/2002, sui Servizi della Societ\u00e0 dell&#8217;Informazione e del <strong>Commercio Elettronico, MULA AUTONOMO ROBOTS, S.L.<\/strong> informa che un cookie \u00e8 un file che viene scaricato sul tuo computer quando accedi a determinate pagine web. I cookie consentono a un sito web, tra le altre cose, di memorizzare e recuperare informazioni sulle abitudini di navigazione di un utente o del suo computer e, a seconda delle informazioni contenute e del modo in cui l&#8217;utente utilizza il computer, possono essere utilizzati per riconoscere l&#8217;utente. <\/p>\n<h5 class=\"entry-title\"><strong>Tipo di cookie<\/strong><\/h5>\n<\/header>\n<div class=\"entry-content\">\n<h6 class=\"wp-block-heading\"><strong>Da parte della direzione:<\/strong><\/h6>\n<ul>\n<li><strong>Cookie gestiti dall&#8217;azienda<\/strong>; sono quelli che operano sul dispositivo dell&#8217;utente da un dominio gestito dall&#8217;azienda proprietaria del dominio.<\/li>\n<li><strong>Cookie di terze parti;<\/strong> sono quelli che vengono inviati al dispositivo dell&#8217;utente da un dominio non gestito dall&#8217;azienda, ma da un&#8217;altra entit\u00e0 che elabora i dati ottenuti attraverso i cookie.<\/li>\n<\/ul>\n<h6 class=\"wp-block-heading\"><strong>Per tempo di conservazione:<\/strong><\/h6>\n<ul>\n<li><strong>Cookie di sessione<\/strong>, per raccogliere e memorizzare dati mentre l&#8217;utente accede a una pagina web. Di solito vengono utilizzati per memorizzare informazioni che devono essere conservate solo per la fornitura del servizio richiesto dall&#8217;utente in una singola occasione. <\/li>\n<li><strong>Cookie persistenti: i<\/strong> dati rimangono memorizzati nel terminale e possono essere consultati ed elaborati per un periodo definito dalla parte responsabile del cookie, che pu\u00f2 variare da pochi minuti a diversi anni.<\/li>\n<\/ul>\n<h6 class=\"wp-block-heading\"><strong>Lo scopo del trattamento dei dati:<\/strong><\/h6>\n<ul>\n<li>I <strong>cookie analitici<\/strong> sono quelli che, elaborati da noi o da terzi, ci permettono di quantificare il numero di utenti e quindi di effettuare la misurazione e l&#8217;analisi statistica dell&#8217;uso che gli utenti fanno del servizio offerto. A tal fine, la tua navigazione sul nostro sito web viene analizzata al fine di migliorare la gamma di prodotti o servizi che offriamo. <\/li>\n<li>I <strong>cookie pubblicitari<\/strong> sono quelli che, elaborati da noi o da terzi, ci permettono di gestire nel modo pi\u00f9 efficace possibile l&#8217;offerta di spazi pubblicitari sul sito web, adattando il contenuto della pubblicit\u00e0 al contenuto del servizio richiesto o all&#8217;uso che fai del nostro sito web. A tal fine, possiamo analizzare le tue abitudini di navigazione in Internet e mostrarti pubblicit\u00e0 correlate al tuo profilo di navigazione. <\/li>\n<li><strong>Cookie tecnici<\/strong>; sono quelli che permettono di controllare l&#8217;uso di diverse applicazioni o servizi al fine di controllare il traffico di dati e la comunicazione.<\/li>\n<li><strong>Cookie di personalizzazione<\/strong>; consentono all&#8217;utente di accedere al servizio con alcune caratteristiche generali predefinite in base a una serie di criteri sul dispositivo dell&#8217;utente.<\/li>\n<li>I <strong>cookie esterni dei social media<\/strong> sono utilizzati per consentire ai visitatori di interagire con i contenuti di diverse piattaforme sociali e sono generati solo per gli utenti di questi social network.<\/li>\n<\/ul>\n<p>Di seguito ti informiamo in dettaglio sui cookie che possono essere installati dal nostro sito web. A seconda della tua navigazione, potrebbero essere installati tutti o solo alcuni di essi. <\/p>\n<\/div>\n\t\t\t\t\t\t\t\t<\/div>\n\t\t\t\t<\/div>\n\t\t\t\t<\/div>\n\t\t<div class=\"elementor-element elementor-element-90bd274 e-con-full e-flex e-con e-child\" data-id=\"90bd274\" data-element_type=\"container\" data-e-type=\"container\">\n\t\t<div class=\"elementor-element elementor-element-bc4111f e-con-full e-flex e-con e-child\" data-id=\"bc4111f\" data-element_type=\"container\" data-e-type=\"container\">\n\t\t<div class=\"elementor-element elementor-element-03867a5 e-con-full e-flex e-con e-child\" data-id=\"03867a5\" data-element_type=\"container\" data-e-type=\"container\" data-settings=\"{&quot;background_background&quot;:&quot;classic&quot;}\">\n\t\t\t\t<div class=\"elementor-element elementor-element-ed26b0a elementor-widget elementor-widget-heading\" data-id=\"ed26b0a\" data-element_type=\"widget\" data-e-type=\"widget\" data-widget_type=\"heading.default\">\n\t\t\t\t<div class=\"elementor-widget-container\">\n\t\t\t\t\t<h2 class=\"elementor-heading-title elementor-size-default\">Nome<\/h2>\t\t\t\t<\/div>\n\t\t\t\t<\/div>\n\t\t\t\t<\/div>\n\t\t<div class=\"elementor-element elementor-element-05ad11d e-con-full e-flex e-con e-child\" data-id=\"05ad11d\" data-element_type=\"container\" data-e-type=\"container\" data-settings=\"{&quot;background_background&quot;:&quot;classic&quot;}\">\n\t\t\t\t<div class=\"elementor-element elementor-element-d040d27 elementor-widget elementor-widget-text-editor\" data-id=\"d040d27\" data-element_type=\"widget\" data-e-type=\"widget\" data-widget_type=\"text-editor.default\">\n\t\t\t\t<div class=\"elementor-widget-container\">\n\t\t\t\t\t\t\t\t\t<p>moove_gdpr_popup<\/p>\n\t\t\t\t\t\t\t\t<\/div>\n\t\t\t\t<\/div>\n\t\t\t\t<\/div>\n\t\t\t\t<\/div>\n\t\t<div class=\"elementor-element elementor-element-6910017 e-con-full e-flex e-con e-child\" data-id=\"6910017\" data-element_type=\"container\" data-e-type=\"container\">\n\t\t<div class=\"elementor-element elementor-element-93168e5 e-con-full e-flex e-con e-child\" data-id=\"93168e5\" data-element_type=\"container\" data-e-type=\"container\" data-settings=\"{&quot;background_background&quot;:&quot;classic&quot;}\">\n\t\t\t\t<div class=\"elementor-element elementor-element-ba7d488 elementor-widget elementor-widget-heading\" data-id=\"ba7d488\" data-element_type=\"widget\" data-e-type=\"widget\" data-widget_type=\"heading.default\">\n\t\t\t\t<div class=\"elementor-widget-container\">\n\t\t\t\t\t<h2 class=\"elementor-heading-title elementor-size-default\">Categoria<\/h2>\t\t\t\t<\/div>\n\t\t\t\t<\/div>\n\t\t\t\t<\/div>\n\t\t<div class=\"elementor-element elementor-element-d52d53f e-con-full e-flex e-con e-child\" data-id=\"d52d53f\" data-element_type=\"container\" data-e-type=\"container\" data-settings=\"{&quot;background_background&quot;:&quot;classic&quot;}\">\n\t\t\t\t<div class=\"elementor-element elementor-element-187f04e elementor-widget elementor-widget-text-editor\" data-id=\"187f04e\" data-element_type=\"widget\" data-e-type=\"widget\" data-widget_type=\"text-editor.default\">\n\t\t\t\t<div class=\"elementor-widget-container\">\n\t\t\t\t\t\t\t\t\t<p>Personalizzazione<\/p>\n\t\t\t\t\t\t\t\t<\/div>\n\t\t\t\t<\/div>\n\t\t\t\t<\/div>\n\t\t\t\t<\/div>\n\t\t<div class=\"elementor-element elementor-element-bba896e e-con-full e-flex e-con e-child\" data-id=\"bba896e\" data-element_type=\"container\" data-e-type=\"container\">\n\t\t<div class=\"elementor-element elementor-element-55efefe e-con-full e-flex e-con e-child\" data-id=\"55efefe\" data-element_type=\"container\" data-e-type=\"container\" data-settings=\"{&quot;background_background&quot;:&quot;classic&quot;}\">\n\t\t\t\t<div class=\"elementor-element elementor-element-5b7af56 elementor-widget elementor-widget-heading\" data-id=\"5b7af56\" data-element_type=\"widget\" data-e-type=\"widget\" data-widget_type=\"heading.default\">\n\t\t\t\t<div class=\"elementor-widget-container\">\n\t\t\t\t\t<h2 class=\"elementor-heading-title elementor-size-default\">Descrizione<\/h2>\t\t\t\t<\/div>\n\t\t\t\t<\/div>\n\t\t\t\t<\/div>\n\t\t<div class=\"elementor-element elementor-element-4589e29 e-con-full e-flex e-con e-child\" data-id=\"4589e29\" data-element_type=\"container\" data-e-type=\"container\" data-settings=\"{&quot;background_background&quot;:&quot;classic&quot;}\">\n\t\t\t\t<div class=\"elementor-element elementor-element-e0f1c5f elementor-widget elementor-widget-text-editor\" data-id=\"e0f1c5f\" data-element_type=\"widget\" data-e-type=\"widget\" data-widget_type=\"text-editor.default\">\n\t\t\t\t<div class=\"elementor-widget-container\">\n\t\t\t\t\t\t\t\t\t<p>Contiene un codice per verificare che la politica dei cookie sia stata accettata.<\/p>\n\t\t\t\t\t\t\t\t<\/div>\n\t\t\t\t<\/div>\n\t\t\t\t<\/div>\n\t\t\t\t<\/div>\n\t\t<div class=\"elementor-element elementor-element-d898d4f e-con-full e-flex e-con e-child\" data-id=\"d898d4f\" data-element_type=\"container\" data-e-type=\"container\">\n\t\t<div class=\"elementor-element elementor-element-6747eab e-con-full e-flex e-con e-child\" data-id=\"6747eab\" data-element_type=\"container\" data-e-type=\"container\" data-settings=\"{&quot;background_background&quot;:&quot;classic&quot;}\">\n\t\t\t\t<div class=\"elementor-element elementor-element-e510b6b elementor-widget elementor-widget-heading\" data-id=\"e510b6b\" data-element_type=\"widget\" data-e-type=\"widget\" data-widget_type=\"heading.default\">\n\t\t\t\t<div class=\"elementor-widget-container\">\n\t\t\t\t\t<h2 class=\"elementor-heading-title elementor-size-default\">Propriet\u00e0<\/h2>\t\t\t\t<\/div>\n\t\t\t\t<\/div>\n\t\t\t\t<\/div>\n\t\t<div class=\"elementor-element elementor-element-1a3f7d3 e-con-full e-flex e-con e-child\" data-id=\"1a3f7d3\" data-element_type=\"container\" data-e-type=\"container\" data-settings=\"{&quot;background_background&quot;:&quot;classic&quot;}\">\n\t\t\t\t<div class=\"elementor-element elementor-element-32a5a99 elementor-widget elementor-widget-text-editor\" data-id=\"32a5a99\" data-element_type=\"widget\" data-e-type=\"widget\" data-widget_type=\"text-editor.default\">\n\t\t\t\t<div class=\"elementor-widget-container\">\n\t\t\t\t\t\t\t\t\t<p>Proprietario<\/p>\n\t\t\t\t\t\t\t\t<\/div>\n\t\t\t\t<\/div>\n\t\t\t\t<\/div>\n\t\t\t\t<\/div>\n\t\t<div class=\"elementor-element elementor-element-56fab2f e-con-full e-flex e-con e-child\" data-id=\"56fab2f\" data-element_type=\"container\" data-e-type=\"container\">\n\t\t<div class=\"elementor-element elementor-element-965607e e-con-full e-flex e-con e-child\" data-id=\"965607e\" data-element_type=\"container\" data-e-type=\"container\" data-settings=\"{&quot;background_background&quot;:&quot;classic&quot;}\">\n\t\t\t\t<div class=\"elementor-element elementor-element-395a53f elementor-widget elementor-widget-heading\" data-id=\"395a53f\" data-element_type=\"widget\" data-e-type=\"widget\" data-widget_type=\"heading.default\">\n\t\t\t\t<div class=\"elementor-widget-container\">\n\t\t\t\t\t<h2 class=\"elementor-heading-title elementor-size-default\">Durata<\/h2>\t\t\t\t<\/div>\n\t\t\t\t<\/div>\n\t\t\t\t<\/div>\n\t\t<div class=\"elementor-element elementor-element-ba71862 e-con-full e-flex e-con e-child\" data-id=\"ba71862\" data-element_type=\"container\" data-e-type=\"container\" data-settings=\"{&quot;background_background&quot;:&quot;classic&quot;}\">\n\t\t\t\t<div class=\"elementor-element elementor-element-0e673f1 elementor-widget elementor-widget-text-editor\" data-id=\"0e673f1\" data-element_type=\"widget\" data-e-type=\"widget\" data-widget_type=\"text-editor.default\">\n\t\t\t\t<div class=\"elementor-widget-container\">\n\t\t\t\t\t\t\t\t\t<p>1 anno<\/p>\n\t\t\t\t\t\t\t\t<\/div>\n\t\t\t\t<\/div>\n\t\t\t\t<\/div>\n\t\t\t\t<\/div>\n\t\t\t\t<\/div>\n\t\t<div class=\"elementor-element elementor-element-f1bce26 e-con-full e-flex e-con e-child\" data-id=\"f1bce26\" data-element_type=\"container\" data-e-type=\"container\">\n\t\t\t\t<div class=\"elementor-element elementor-element-2093c32 elementor-widget__width-inherit elementor-widget elementor-widget-text-editor\" data-id=\"2093c32\" data-element_type=\"widget\" data-e-type=\"widget\" data-widget_type=\"text-editor.default\">\n\t\t\t\t<div class=\"elementor-widget-container\">\n\t\t\t\t\t\t\t\t\t<h5 class=\"has-text-align-center wp-block-heading\"><strong>Revoca e cancellazione dei cookie<\/strong><\/h5>\n<p>Puoi configurare in qualsiasi momento le autorizzazioni sui cookie utilizzati sul nostro sito web accedendo al pannello delle impostazioni dei cookie.<\/p>\n<p>Clicca sul pulsante &#8220;Impostazioni&#8221; per accedere al pannello delle impostazioni dei cookie su www.mula.ai:<\/p>\n<p class=\"has-text-align-center\"><strong>Configurazione<\/strong><\/p>\n<p>Puoi consentire, bloccare o eliminare i cookie installati sul tuo computer configurando le opzioni del browser installato sul tuo computer. Se utilizzi un altro browser, ti forniamo dei link che ti permetteranno di configurare l&#8217;uso dei cookie: <\/p>\n<ul>\n<li>Per maggiori informazioni sul browser Firefox clicca <a href=\"https:\/\/support.mozilla.org\/es\/kb\/cookies-informacion-que-los-sitios-web-guardan-en-\" target=\"_blank\" rel=\"noreferrer noopener\">qui<\/a>.<\/li>\n<li>Per maggiori informazioni sul browser Chrome clicca <a href=\"https:\/\/support.google.com\/chrome\/answer\/95647?hl=es\" target=\"_blank\" rel=\"noreferrer noopener\">qui<\/a>.<\/li>\n<li>Per maggiori informazioni sul browser Explorer clicca <a href=\"https:\/\/support.microsoft.com\/en-us\/help\/17442\/windows-internet-explorer-delete-manage-cookies#ie=ie-11\">qui<\/a>.<\/li>\n<li>Per maggiori informazioni sul browser Safari clicca <a href=\"https:\/\/support.apple.com\/es-es\/HT201265\">qui<\/a>.<\/li>\n<li>Per maggiori informazioni sul browser Opera clicca <a href=\"https:\/\/help.opera.com\/en\/latest\/web-preferences\/#cookies\" target=\"_blank\" rel=\"noreferrer noopener\">qui<\/a>.<\/li>\n<\/ul>\n<p>Molti browser ti permettono di attivare una modalit\u00e0 privata in cui i cookie vengono sempre cancellati dopo la visita. A seconda del browser, questa modalit\u00e0 privata pu\u00f2 avere nomi diversi. Di seguito troverai un elenco dei browser pi\u00f9 comuni e i diversi nomi di questa &#8220;modalit\u00e0 privata&#8221;:  <\/p>\n<ul>\n<li>Internet Explorer 8 e successivi; InPrivate.<\/li>\n<li>Safari 2 e successivi; Navigazione privata.<\/li>\n<li>Opera 10.5 e versioni successive; Navigazione privata.<\/li>\n<li>Fire Fox 3.5 o superiore; Navigazione privata.<\/li>\n<li>Google Chrome 10 e successivi; Incognito.<\/li>\n<\/ul>\n<p>Per quanto riguarda i cookie di terze parti, cio\u00e8 quelli che non fanno parte del nostro sito web, non possiamo essere ritenuti responsabili del contenuto e della veridicit\u00e0 delle politiche sulla privacy che essi includono, pertanto le informazioni che ti offriamo fanno sempre riferimento alla fonte. Per saperne di pi\u00f9 sui cookie di Google Analytics puoi visitare la seguente pagina: <a href=\"https:\/\/policies.google.com\/technologies\/cookies?hl=es\" target=\"_blank\" rel=\"noreferrer noopener\">https:\/\/policies.google.com\/technologies\/cookies?hl=es.<\/a> <\/p>\n<p>Puoi disattivare i cookie di Google Analytics utilizzando il seguente link: <a href=\"https:\/\/tools.google.com\/dlpage\/gaoptout\" target=\"_blank\" rel=\"noreferrer noopener\">https:\/\/tools.google.com\/dlpage\/gaoptout.<\/a> Per saperne di pi\u00f9 sui cookie di Clarity (uno strumento di analisi di Microsoft Corporation) puoi visitare la seguente pagina <a href=\"https:\/\/docs.microsoft.com\/en-us\/clarity\/cookie-list\" target=\"_blank\" rel=\"noreferrer noopener\">https:\/\/docs.microsoft.com\/en-us\/clarity\/cookie-list.<\/a> <\/p>\n<p>Per maggiori informazioni sui cookie e sui tuoi diritti di utente, puoi consultare la Guida all&#8217;uso dei cookie realizzata dall&#8217;Agenzia spagnola per la protezione dei dati in collaborazione con le associazioni ADIGITAL, Anuncian, Anuncian e l&#8217;Agenzia spagnola per la protezione dei dati.<\/p>\n\t\t\t\t\t\t\t\t<\/div>\n\t\t\t\t<\/div>\n\t\t\t\t<\/div>\n\t\t\t\t<\/div>\n\t\t\t\t<\/div>\n\t\t","protected":false},"excerpt":{"rendered":"<p>Informativa sui cookie In conformit\u00e0 alla Legge 34\/2002, sui Servizi della Societ\u00e0 dell&#8217;Informazione e del Commercio Elettronico, MULA AUTONOMO ROBOTS, S.L. informa che un cookie \u00e8 un file che viene scaricato sul tuo computer quando accedi a determinate pagine web. I cookie consentono a un sito web, tra le altre cose, di memorizzare e recuperare [&hellip;]<\/p>\n","protected":false},"author":1,"featured_media":0,"parent":0,"menu_order":0,"comment_status":"closed","ping_status":"closed","template":"","meta":{"footnotes":""},"class_list":["post-3716","page","type-page","status-publish","hentry"],"yoast_head":"<!-- This site is optimized with the Yoast SEO plugin v27.4 - https:\/\/yoast.com\/product\/yoast-seo-wordpress\/ -->\n<title>Informativa sui cookie - MULA<\/title>\n<meta name=\"robots\" content=\"index, follow, max-snippet:-1, max-image-preview:large, max-video-preview:-1\" \/>\n<link rel=\"canonical\" href=\"https:\/\/mula.ai\/it\/informativa-sui-cookie\/\" \/>\n<meta property=\"og:locale\" content=\"it_IT\" \/>\n<meta property=\"og:type\" content=\"article\" \/>\n<meta property=\"og:title\" content=\"Informativa sui cookie - MULA\" \/>\n<meta property=\"og:description\" content=\"Informativa sui cookie In conformit\u00e0 alla Legge 34\/2002, sui Servizi della Societ\u00e0 dell&#8217;Informazione e del Commercio Elettronico, MULA AUTONOMO ROBOTS, S.L. informa che un cookie \u00e8 un file che viene scaricato sul tuo computer quando accedi a determinate pagine web. I cookie consentono a un sito web, tra le altre cose, di memorizzare e recuperare [&hellip;]\" \/>\n<meta property=\"og:url\" content=\"https:\/\/mula.ai\/it\/informativa-sui-cookie\/\" \/>\n<meta property=\"og:site_name\" content=\"MULA\" \/>\n<meta property=\"article:modified_time\" content=\"2024-11-13T13:48:08+00:00\" \/>\n<meta name=\"twitter:card\" content=\"summary_large_image\" \/>\n<meta name=\"twitter:label1\" content=\"Tempo di lettura stimato\" \/>\n\t<meta name=\"twitter:data1\" content=\"4 minuti\" \/>\n<script type=\"application\/ld+json\" class=\"yoast-schema-graph\">{\"@context\":\"https:\\\/\\\/schema.org\",\"@graph\":[{\"@type\":\"WebPage\",\"@id\":\"https:\\\/\\\/mula.ai\\\/it\\\/informativa-sui-cookie\\\/\",\"url\":\"https:\\\/\\\/mula.ai\\\/it\\\/informativa-sui-cookie\\\/\",\"name\":\"Informativa sui cookie - MULA\",\"isPartOf\":{\"@id\":\"https:\\\/\\\/mula.ai\\\/#website\"},\"datePublished\":\"2024-11-08T10:57:09+00:00\",\"dateModified\":\"2024-11-13T13:48:08+00:00\",\"breadcrumb\":{\"@id\":\"https:\\\/\\\/mula.ai\\\/it\\\/informativa-sui-cookie\\\/#breadcrumb\"},\"inLanguage\":\"it-IT\",\"potentialAction\":[{\"@type\":\"ReadAction\",\"target\":[\"https:\\\/\\\/mula.ai\\\/it\\\/informativa-sui-cookie\\\/\"]}]},{\"@type\":\"BreadcrumbList\",\"@id\":\"https:\\\/\\\/mula.ai\\\/it\\\/informativa-sui-cookie\\\/#breadcrumb\",\"itemListElement\":[{\"@type\":\"ListItem\",\"position\":1,\"name\":\"Portada\",\"item\":\"https:\\\/\\\/mula.ai\\\/it\\\/casa\\\/\"},{\"@type\":\"ListItem\",\"position\":2,\"name\":\"Informativa sui cookie\"}]},{\"@type\":\"WebSite\",\"@id\":\"https:\\\/\\\/mula.ai\\\/#website\",\"url\":\"https:\\\/\\\/mula.ai\\\/\",\"name\":\"MULA\",\"description\":\"Autonomous Farming\",\"publisher\":{\"@id\":\"https:\\\/\\\/mula.ai\\\/#organization\"},\"potentialAction\":[{\"@type\":\"SearchAction\",\"target\":{\"@type\":\"EntryPoint\",\"urlTemplate\":\"https:\\\/\\\/mula.ai\\\/?s={search_term_string}\"},\"query-input\":{\"@type\":\"PropertyValueSpecification\",\"valueRequired\":true,\"valueName\":\"search_term_string\"}}],\"inLanguage\":\"it-IT\"},{\"@type\":\"Organization\",\"@id\":\"https:\\\/\\\/mula.ai\\\/#organization\",\"name\":\"MULA\",\"url\":\"https:\\\/\\\/mula.ai\\\/\",\"logo\":{\"@type\":\"ImageObject\",\"inLanguage\":\"it-IT\",\"@id\":\"https:\\\/\\\/mula.ai\\\/#\\\/schema\\\/logo\\\/image\\\/\",\"url\":\"https:\\\/\\\/mula.ai\\\/wp-content\\\/uploads\\\/2024\\\/10\\\/LOGO-MULA-blanco.png\",\"contentUrl\":\"https:\\\/\\\/mula.ai\\\/wp-content\\\/uploads\\\/2024\\\/10\\\/LOGO-MULA-blanco.png\",\"width\":1530,\"height\":592,\"caption\":\"MULA\"},\"image\":{\"@id\":\"https:\\\/\\\/mula.ai\\\/#\\\/schema\\\/logo\\\/image\\\/\"}}]}<\/script>\n<!-- \/ Yoast SEO plugin. -->","yoast_head_json":{"title":"Informativa sui cookie - MULA","robots":{"index":"index","follow":"follow","max-snippet":"max-snippet:-1","max-image-preview":"max-image-preview:large","max-video-preview":"max-video-preview:-1"},"canonical":"https:\/\/mula.ai\/it\/informativa-sui-cookie\/","og_locale":"it_IT","og_type":"article","og_title":"Informativa sui cookie - MULA","og_description":"Informativa sui cookie In conformit\u00e0 alla Legge 34\/2002, sui Servizi della Societ\u00e0 dell&#8217;Informazione e del Commercio Elettronico, MULA AUTONOMO ROBOTS, S.L. informa che un cookie \u00e8 un file che viene scaricato sul tuo computer quando accedi a determinate pagine web. I cookie consentono a un sito web, tra le altre cose, di memorizzare e recuperare [&hellip;]","og_url":"https:\/\/mula.ai\/it\/informativa-sui-cookie\/","og_site_name":"MULA","article_modified_time":"2024-11-13T13:48:08+00:00","twitter_card":"summary_large_image","twitter_misc":{"Tempo di lettura stimato":"4 minuti"},"schema":{"@context":"https:\/\/schema.org","@graph":[{"@type":"WebPage","@id":"https:\/\/mula.ai\/it\/informativa-sui-cookie\/","url":"https:\/\/mula.ai\/it\/informativa-sui-cookie\/","name":"Informativa sui cookie - MULA","isPartOf":{"@id":"https:\/\/mula.ai\/#website"},"datePublished":"2024-11-08T10:57:09+00:00","dateModified":"2024-11-13T13:48:08+00:00","breadcrumb":{"@id":"https:\/\/mula.ai\/it\/informativa-sui-cookie\/#breadcrumb"},"inLanguage":"it-IT","potentialAction":[{"@type":"ReadAction","target":["https:\/\/mula.ai\/it\/informativa-sui-cookie\/"]}]},{"@type":"BreadcrumbList","@id":"https:\/\/mula.ai\/it\/informativa-sui-cookie\/#breadcrumb","itemListElement":[{"@type":"ListItem","position":1,"name":"Portada","item":"https:\/\/mula.ai\/it\/casa\/"},{"@type":"ListItem","position":2,"name":"Informativa sui cookie"}]},{"@type":"WebSite","@id":"https:\/\/mula.ai\/#website","url":"https:\/\/mula.ai\/","name":"MULA","description":"Autonomous Farming","publisher":{"@id":"https:\/\/mula.ai\/#organization"},"potentialAction":[{"@type":"SearchAction","target":{"@type":"EntryPoint","urlTemplate":"https:\/\/mula.ai\/?s={search_term_string}"},"query-input":{"@type":"PropertyValueSpecification","valueRequired":true,"valueName":"search_term_string"}}],"inLanguage":"it-IT"},{"@type":"Organization","@id":"https:\/\/mula.ai\/#organization","name":"MULA","url":"https:\/\/mula.ai\/","logo":{"@type":"ImageObject","inLanguage":"it-IT","@id":"https:\/\/mula.ai\/#\/schema\/logo\/image\/","url":"https:\/\/mula.ai\/wp-content\/uploads\/2024\/10\/LOGO-MULA-blanco.png","contentUrl":"https:\/\/mula.ai\/wp-content\/uploads\/2024\/10\/LOGO-MULA-blanco.png","width":1530,"height":592,"caption":"MULA"},"image":{"@id":"https:\/\/mula.ai\/#\/schema\/logo\/image\/"}}]}},"_links":{"self":[{"href":"https:\/\/mula.ai\/it\/wp-json\/wp\/v2\/pages\/3716","targetHints":{"allow":["GET"]}}],"collection":[{"href":"https:\/\/mula.ai\/it\/wp-json\/wp\/v2\/pages"}],"about":[{"href":"https:\/\/mula.ai\/it\/wp-json\/wp\/v2\/types\/page"}],"author":[{"embeddable":true,"href":"https:\/\/mula.ai\/it\/wp-json\/wp\/v2\/users\/1"}],"replies":[{"embeddable":true,"href":"https:\/\/mula.ai\/it\/wp-json\/wp\/v2\/comments?post=3716"}],"version-history":[{"count":5,"href":"https:\/\/mula.ai\/it\/wp-json\/wp\/v2\/pages\/3716\/revisions"}],"predecessor-version":[{"id":4101,"href":"https:\/\/mula.ai\/it\/wp-json\/wp\/v2\/pages\/3716\/revisions\/4101"}],"wp:attachment":[{"href":"https:\/\/mula.ai\/it\/wp-json\/wp\/v2\/media?parent=3716"}],"curies":[{"name":"wp","href":"https:\/\/api.w.org\/{rel}","templated":true}]}}