{"id":3651,"date":"2024-11-08T11:57:09","date_gmt":"2024-11-08T10:57:09","guid":{"rendered":"https:\/\/mula.ai\/politique-en-matiere-de-cookies\/"},"modified":"2024-11-13T14:48:07","modified_gmt":"2024-11-13T13:48:07","slug":"politique-en-matiere-de-cookies","status":"publish","type":"page","link":"https:\/\/mula.ai\/fr\/politique-en-matiere-de-cookies\/","title":{"rendered":"Politique en mati\u00e8re de cookies"},"content":{"rendered":"\t\t<div data-elementor-type=\"wp-page\" data-elementor-id=\"3651\" class=\"elementor elementor-3651 elementor-3243\" data-elementor-post-type=\"page\">\n\t\t\t\t<div class=\"elementor-element elementor-element-082d213 e-con-full e-flex e-con e-parent\" data-id=\"082d213\" data-element_type=\"container\" data-e-type=\"container\" data-settings=\"{&quot;background_background&quot;:&quot;classic&quot;,&quot;shape_divider_bottom&quot;:&quot;curve-asymmetrical&quot;}\">\n\t\t\t\t<div class=\"elementor-shape elementor-shape-bottom\" aria-hidden=\"true\" data-negative=\"false\">\n\t\t\t<svg xmlns=\"http:\/\/www.w3.org\/2000\/svg\" viewBox=\"0 0 1000 100\" preserveAspectRatio=\"none\">\n\t<path class=\"elementor-shape-fill\" d=\"M0,0c0,0,0,6,0,6.7c0,18,240.2,93.6,615.2,92.6C989.8,98.5,1000,25,1000,6.7c0-0.7,0-6.7,0-6.7H0z\"\/>\n<\/svg>\t\t<\/div>\n\t\t\t\t<div class=\"elementor-element elementor-element-7efab19 elementor-widget elementor-widget-heading\" data-id=\"7efab19\" data-element_type=\"widget\" data-e-type=\"widget\" data-widget_type=\"heading.default\">\n\t\t\t\t<div class=\"elementor-widget-container\">\n\t\t\t\t\t<h2 class=\"elementor-heading-title elementor-size-default\">Politique en mati\u00e8re de cookies<\/h2>\t\t\t\t<\/div>\n\t\t\t\t<\/div>\n\t\t\t\t<\/div>\n\t\t<div class=\"elementor-element elementor-element-8cf4a57 e-con-full e-flex e-con e-parent\" data-id=\"8cf4a57\" data-element_type=\"container\" data-e-type=\"container\">\n\t\t<div class=\"elementor-element elementor-element-534cb74 e-con-full e-flex e-con e-child\" data-id=\"534cb74\" data-element_type=\"container\" data-e-type=\"container\">\n\t\t\t\t<div class=\"elementor-element elementor-element-87cd8b5 elementor-widget elementor-widget-text-editor\" data-id=\"87cd8b5\" data-element_type=\"widget\" data-e-type=\"widget\" data-widget_type=\"text-editor.default\">\n\t\t\t\t<div class=\"elementor-widget-container\">\n\t\t\t\t\t\t\t\t\t<header class=\"header-page\">\n<p>Conform\u00e9ment \u00e0 la loi 34\/2002 sur les services de la soci\u00e9t\u00e9 de l&rsquo;information et le <strong>commerce \u00e9lectronique, MULA AUTONOMOUS ROBOTS, S.L.<\/strong> vous informe qu&rsquo;un cookie est un fichier qui est t\u00e9l\u00e9charg\u00e9 sur votre ordinateur lorsque vous acc\u00e9dez \u00e0 certaines pages web. Les cookies permettent \u00e0 un site web, entre autres, de stocker et de r\u00e9cup\u00e9rer des informations sur les habitudes de navigation d&rsquo;un utilisateur ou de son ordinateur et, en fonction de l&rsquo;information qu&rsquo;ils contiennent et de la fa\u00e7on dont vous utilisez votre ordinateur, ils peuvent \u00eatre utilis\u00e9s pour reconna\u00eetre l&rsquo;utilisateur. <\/p>\n<h5 class=\"entry-title\"><strong>Type de cookies<\/strong><\/h5>\n<\/header>\n<div class=\"entry-content\">\n<h6 class=\"wp-block-heading\"><strong>Par la direction :<\/strong><\/h6>\n<ul>\n<li><strong>Cookies g\u00e9r\u00e9s par l&rsquo;entreprise<\/strong>; ce sont ceux qui op\u00e8rent sur l&rsquo;appareil de l&rsquo;utilisateur \u00e0 partir d&rsquo;un domaine g\u00e9r\u00e9 par l&rsquo;entreprise propri\u00e9taire du domaine.<\/li>\n<li><strong>Cookies de tiers ;<\/strong> ce sont ceux qui sont envoy\u00e9s \u00e0 l&rsquo;appareil de l&rsquo;utilisateur \u00e0 partir d&rsquo;un domaine qui n&rsquo;est pas g\u00e9r\u00e9 par l&rsquo;entreprise, mais par une autre entit\u00e9 qui traite les donn\u00e9es obtenues par le biais des cookies.<\/li>\n<\/ul>\n<h6 class=\"wp-block-heading\"><strong>Par dur\u00e9e de stockage :<\/strong><\/h6>\n<ul>\n<li>Les <strong>cookies de session<\/strong>, qui collectent et stockent des donn\u00e9es pendant que l&rsquo;utilisateur acc\u00e8de \u00e0 une page web. Ils sont g\u00e9n\u00e9ralement utilis\u00e9s pour stocker des informations qui ne doivent \u00eatre conserv\u00e9es que pour la fourniture du service demand\u00e9 par l&rsquo;utilisateur en une seule occasion. <\/li>\n<li>Les <strong>cookies persistants,<\/strong> les donn\u00e9es restent stock\u00e9es dans le terminal et peuvent \u00eatre consult\u00e9es et trait\u00e9es pendant une p\u00e9riode d\u00e9finie par le responsable du cookie, qui peut aller de quelques minutes \u00e0 plusieurs ann\u00e9es.<\/li>\n<\/ul>\n<h6 class=\"wp-block-heading\"><strong>La finalit\u00e9 du traitement des donn\u00e9es :<\/strong><\/h6>\n<ul>\n<li>Les <strong>cookies analytiques<\/strong> sont ceux qui, trait\u00e9s par nous ou par des tiers, nous permettent de quantifier le nombre d&rsquo;utilisateurs et de proc\u00e9der ainsi \u00e0 la mesure et \u00e0 l&rsquo;analyse statistique de l&rsquo;utilisation faite par les utilisateurs du service offert. Pour ce faire, votre navigation sur notre site web est analys\u00e9e afin d&rsquo;am\u00e9liorer la gamme de produits ou de services que nous proposons. <\/li>\n<li>Les <strong>cookies publicitaires<\/strong> sont ceux qui, trait\u00e9s par nous ou par des tiers, nous permettent de g\u00e9rer le plus efficacement possible l&rsquo;offre d&rsquo;espaces publicitaires sur le site web, en adaptant le contenu de la publicit\u00e9 au contenu du service demand\u00e9 ou \u00e0 l&rsquo;utilisation que vous faites de notre site web. Pour ce faire, nous pouvons analyser vos habitudes de navigation sur Internet et vous montrer de la publicit\u00e9 li\u00e9e \u00e0 votre profil de navigation. <\/li>\n<li>Les <strong>cookies techniques<\/strong>: ce sont ceux qui permettent de contr\u00f4ler l&rsquo;utilisation de diff\u00e9rentes applications ou services afin de ma\u00eetriser le trafic de donn\u00e9es et la communication.<\/li>\n<li><strong>Cookies de personnalisation<\/strong>; ils permettent \u00e0 l&rsquo;utilisateur d&rsquo;acc\u00e9der au service avec certaines caract\u00e9ristiques g\u00e9n\u00e9rales pr\u00e9d\u00e9finies en fonction d&rsquo;une s\u00e9rie de crit\u00e8res sur le dispositif de l&rsquo;utilisateur.<\/li>\n<li>Les <strong>cookies externes de m\u00e9dias sociaux<\/strong> sont utilis\u00e9s pour permettre aux visiteurs d&rsquo;interagir avec le contenu de diff\u00e9rentes plateformes sociales et ne sont g\u00e9n\u00e9r\u00e9s que pour les utilisateurs de ces r\u00e9seaux sociaux.<\/li>\n<\/ul>\n<p>Ci-dessous, nous vous informons en d\u00e9tail sur les cookies qui peuvent \u00eatre install\u00e9s \u00e0 partir de notre site web. En fonction de votre navigation, tous les cookies ou seulement certains d&rsquo;entre eux peuvent \u00eatre install\u00e9s. <\/p>\n<\/div>\n\t\t\t\t\t\t\t\t<\/div>\n\t\t\t\t<\/div>\n\t\t\t\t<\/div>\n\t\t<div class=\"elementor-element elementor-element-90bd274 e-con-full e-flex e-con e-child\" data-id=\"90bd274\" data-element_type=\"container\" data-e-type=\"container\">\n\t\t<div class=\"elementor-element elementor-element-bc4111f e-con-full e-flex e-con e-child\" data-id=\"bc4111f\" data-element_type=\"container\" data-e-type=\"container\">\n\t\t<div class=\"elementor-element elementor-element-03867a5 e-con-full e-flex e-con e-child\" data-id=\"03867a5\" data-element_type=\"container\" data-e-type=\"container\" data-settings=\"{&quot;background_background&quot;:&quot;classic&quot;}\">\n\t\t\t\t<div class=\"elementor-element elementor-element-ed26b0a elementor-widget elementor-widget-heading\" data-id=\"ed26b0a\" data-element_type=\"widget\" data-e-type=\"widget\" data-widget_type=\"heading.default\">\n\t\t\t\t<div class=\"elementor-widget-container\">\n\t\t\t\t\t<h2 class=\"elementor-heading-title elementor-size-default\">Nom<\/h2>\t\t\t\t<\/div>\n\t\t\t\t<\/div>\n\t\t\t\t<\/div>\n\t\t<div class=\"elementor-element elementor-element-05ad11d e-con-full e-flex e-con e-child\" data-id=\"05ad11d\" data-element_type=\"container\" data-e-type=\"container\" data-settings=\"{&quot;background_background&quot;:&quot;classic&quot;}\">\n\t\t\t\t<div class=\"elementor-element elementor-element-d040d27 elementor-widget elementor-widget-text-editor\" data-id=\"d040d27\" data-element_type=\"widget\" data-e-type=\"widget\" data-widget_type=\"text-editor.default\">\n\t\t\t\t<div class=\"elementor-widget-container\">\n\t\t\t\t\t\t\t\t\t<p>moove_gdpr_popup<\/p>\n\t\t\t\t\t\t\t\t<\/div>\n\t\t\t\t<\/div>\n\t\t\t\t<\/div>\n\t\t\t\t<\/div>\n\t\t<div class=\"elementor-element elementor-element-6910017 e-con-full e-flex e-con e-child\" data-id=\"6910017\" data-element_type=\"container\" data-e-type=\"container\">\n\t\t<div class=\"elementor-element elementor-element-93168e5 e-con-full e-flex e-con e-child\" data-id=\"93168e5\" data-element_type=\"container\" data-e-type=\"container\" data-settings=\"{&quot;background_background&quot;:&quot;classic&quot;}\">\n\t\t\t\t<div class=\"elementor-element elementor-element-ba7d488 elementor-widget elementor-widget-heading\" data-id=\"ba7d488\" data-element_type=\"widget\" data-e-type=\"widget\" data-widget_type=\"heading.default\">\n\t\t\t\t<div class=\"elementor-widget-container\">\n\t\t\t\t\t<h2 class=\"elementor-heading-title elementor-size-default\">Cat\u00e9gorie<\/h2>\t\t\t\t<\/div>\n\t\t\t\t<\/div>\n\t\t\t\t<\/div>\n\t\t<div class=\"elementor-element elementor-element-d52d53f e-con-full e-flex e-con e-child\" data-id=\"d52d53f\" data-element_type=\"container\" data-e-type=\"container\" data-settings=\"{&quot;background_background&quot;:&quot;classic&quot;}\">\n\t\t\t\t<div class=\"elementor-element elementor-element-187f04e elementor-widget elementor-widget-text-editor\" data-id=\"187f04e\" data-element_type=\"widget\" data-e-type=\"widget\" data-widget_type=\"text-editor.default\">\n\t\t\t\t<div class=\"elementor-widget-container\">\n\t\t\t\t\t\t\t\t\t<p>Personnalisation<\/p>\n\t\t\t\t\t\t\t\t<\/div>\n\t\t\t\t<\/div>\n\t\t\t\t<\/div>\n\t\t\t\t<\/div>\n\t\t<div class=\"elementor-element elementor-element-bba896e e-con-full e-flex e-con e-child\" data-id=\"bba896e\" data-element_type=\"container\" data-e-type=\"container\">\n\t\t<div class=\"elementor-element elementor-element-55efefe e-con-full e-flex e-con e-child\" data-id=\"55efefe\" data-element_type=\"container\" data-e-type=\"container\" data-settings=\"{&quot;background_background&quot;:&quot;classic&quot;}\">\n\t\t\t\t<div class=\"elementor-element elementor-element-5b7af56 elementor-widget elementor-widget-heading\" data-id=\"5b7af56\" data-element_type=\"widget\" data-e-type=\"widget\" data-widget_type=\"heading.default\">\n\t\t\t\t<div class=\"elementor-widget-container\">\n\t\t\t\t\t<h2 class=\"elementor-heading-title elementor-size-default\">Description<\/h2>\t\t\t\t<\/div>\n\t\t\t\t<\/div>\n\t\t\t\t<\/div>\n\t\t<div class=\"elementor-element elementor-element-4589e29 e-con-full e-flex e-con e-child\" data-id=\"4589e29\" data-element_type=\"container\" data-e-type=\"container\" data-settings=\"{&quot;background_background&quot;:&quot;classic&quot;}\">\n\t\t\t\t<div class=\"elementor-element elementor-element-e0f1c5f elementor-widget elementor-widget-text-editor\" data-id=\"e0f1c5f\" data-element_type=\"widget\" data-e-type=\"widget\" data-widget_type=\"text-editor.default\">\n\t\t\t\t<div class=\"elementor-widget-container\">\n\t\t\t\t\t\t\t\t\t<p>Contient un code permettant de v\u00e9rifier que la politique en mati\u00e8re de cookies a \u00e9t\u00e9 accept\u00e9e.<\/p>\n\t\t\t\t\t\t\t\t<\/div>\n\t\t\t\t<\/div>\n\t\t\t\t<\/div>\n\t\t\t\t<\/div>\n\t\t<div class=\"elementor-element elementor-element-d898d4f e-con-full e-flex e-con e-child\" data-id=\"d898d4f\" data-element_type=\"container\" data-e-type=\"container\">\n\t\t<div class=\"elementor-element elementor-element-6747eab e-con-full e-flex e-con e-child\" data-id=\"6747eab\" data-element_type=\"container\" data-e-type=\"container\" data-settings=\"{&quot;background_background&quot;:&quot;classic&quot;}\">\n\t\t\t\t<div class=\"elementor-element elementor-element-e510b6b elementor-widget elementor-widget-heading\" data-id=\"e510b6b\" data-element_type=\"widget\" data-e-type=\"widget\" data-widget_type=\"heading.default\">\n\t\t\t\t<div class=\"elementor-widget-container\">\n\t\t\t\t\t<h2 class=\"elementor-heading-title elementor-size-default\">Propri\u00e9t\u00e9<\/h2>\t\t\t\t<\/div>\n\t\t\t\t<\/div>\n\t\t\t\t<\/div>\n\t\t<div class=\"elementor-element elementor-element-1a3f7d3 e-con-full e-flex e-con e-child\" data-id=\"1a3f7d3\" data-element_type=\"container\" data-e-type=\"container\" data-settings=\"{&quot;background_background&quot;:&quot;classic&quot;}\">\n\t\t\t\t<div class=\"elementor-element elementor-element-32a5a99 elementor-widget elementor-widget-text-editor\" data-id=\"32a5a99\" data-element_type=\"widget\" data-e-type=\"widget\" data-widget_type=\"text-editor.default\">\n\t\t\t\t<div class=\"elementor-widget-container\">\n\t\t\t\t\t\t\t\t\t<p>S&rsquo;approprier<\/p>\n\t\t\t\t\t\t\t\t<\/div>\n\t\t\t\t<\/div>\n\t\t\t\t<\/div>\n\t\t\t\t<\/div>\n\t\t<div class=\"elementor-element elementor-element-56fab2f e-con-full e-flex e-con e-child\" data-id=\"56fab2f\" data-element_type=\"container\" data-e-type=\"container\">\n\t\t<div class=\"elementor-element elementor-element-965607e e-con-full e-flex e-con e-child\" data-id=\"965607e\" data-element_type=\"container\" data-e-type=\"container\" data-settings=\"{&quot;background_background&quot;:&quot;classic&quot;}\">\n\t\t\t\t<div class=\"elementor-element elementor-element-395a53f elementor-widget elementor-widget-heading\" data-id=\"395a53f\" data-element_type=\"widget\" data-e-type=\"widget\" data-widget_type=\"heading.default\">\n\t\t\t\t<div class=\"elementor-widget-container\">\n\t\t\t\t\t<h2 class=\"elementor-heading-title elementor-size-default\">Dur\u00e9e de l'accord<\/h2>\t\t\t\t<\/div>\n\t\t\t\t<\/div>\n\t\t\t\t<\/div>\n\t\t<div class=\"elementor-element elementor-element-ba71862 e-con-full e-flex e-con e-child\" data-id=\"ba71862\" data-element_type=\"container\" data-e-type=\"container\" data-settings=\"{&quot;background_background&quot;:&quot;classic&quot;}\">\n\t\t\t\t<div class=\"elementor-element elementor-element-0e673f1 elementor-widget elementor-widget-text-editor\" data-id=\"0e673f1\" data-element_type=\"widget\" data-e-type=\"widget\" data-widget_type=\"text-editor.default\">\n\t\t\t\t<div class=\"elementor-widget-container\">\n\t\t\t\t\t\t\t\t\t<p>1 an<\/p>\n\t\t\t\t\t\t\t\t<\/div>\n\t\t\t\t<\/div>\n\t\t\t\t<\/div>\n\t\t\t\t<\/div>\n\t\t\t\t<\/div>\n\t\t<div class=\"elementor-element elementor-element-f1bce26 e-con-full e-flex e-con e-child\" data-id=\"f1bce26\" data-element_type=\"container\" data-e-type=\"container\">\n\t\t\t\t<div class=\"elementor-element elementor-element-2093c32 elementor-widget__width-inherit elementor-widget elementor-widget-text-editor\" data-id=\"2093c32\" data-element_type=\"widget\" data-e-type=\"widget\" data-widget_type=\"text-editor.default\">\n\t\t\t\t<div class=\"elementor-widget-container\">\n\t\t\t\t\t\t\t\t\t<h5 class=\"has-text-align-center wp-block-heading\"><strong>R\u00e9vocation et suppression des cookies<\/strong><\/h5>\n<p>Vous pouvez \u00e0 tout moment configurer les autorisations relatives aux cookies utilis\u00e9s sur notre site web en acc\u00e9dant au panneau de configuration des cookies.<\/p>\n<p>Cliquez sur le bouton \u00ab\u00a0Param\u00e8tres\u00a0\u00bb pour acc\u00e9der au panneau de configuration des cookies sur www.mula.ai :<\/p>\n<p class=\"has-text-align-center\"><strong>Configuration<\/strong><\/p>\n<p>Vous pouvez autoriser, bloquer ou supprimer les cookies install\u00e9s sur votre ordinateur en configurant les options du navigateur install\u00e9 sur votre ordinateur. Si vous utilisez un autre navigateur, nous mettons \u00e0 votre disposition des liens qui vous permettront de configurer l&rsquo;utilisation des cookies : <\/p>\n<ul>\n<li>Pour plus d&rsquo;informations sur le navigateur Firefox, cliquez <a href=\"https:\/\/support.mozilla.org\/es\/kb\/cookies-informacion-que-los-sitios-web-guardan-en-\" target=\"_blank\" rel=\"noreferrer noopener\">ici.<\/a><\/li>\n<li>Pour plus d&rsquo;informations sur le navigateur Chrome, cliquez <a href=\"https:\/\/support.google.com\/chrome\/answer\/95647?hl=es\" target=\"_blank\" rel=\"noreferrer noopener\">ici.<\/a><\/li>\n<li>Pour plus d&rsquo;informations sur le navigateur Explorer, cliquez <a href=\"https:\/\/support.microsoft.com\/en-us\/help\/17442\/windows-internet-explorer-delete-manage-cookies#ie=ie-11\">ici.<\/a><\/li>\n<li>Pour plus d&rsquo;informations sur le navigateur Safari, cliquez <a href=\"https:\/\/support.apple.com\/es-es\/HT201265\">ici.<\/a><\/li>\n<li>Pour plus d&rsquo;informations sur le navigateur Opera, cliquez <a href=\"https:\/\/help.opera.com\/en\/latest\/web-preferences\/#cookies\" target=\"_blank\" rel=\"noreferrer noopener\">ici.<\/a><\/li>\n<\/ul>\n<p>De nombreux navigateurs vous permettent d&rsquo;activer un mode priv\u00e9 dans lequel les cookies sont toujours supprim\u00e9s apr\u00e8s votre visite. Selon le navigateur, ce mode priv\u00e9 peut porter diff\u00e9rents noms. Vous trouverez ci-dessous une liste des navigateurs les plus courants et des diff\u00e9rents noms de ce \u00ab\u00a0mode priv\u00e9\u00a0\u00bb :  <\/p>\n<ul>\n<li>Internet Explorer 8 et sup\u00e9rieur ; InPrivate.<\/li>\n<li>Safari 2 et sup\u00e9rieur ; Navigation priv\u00e9e.<\/li>\n<li>Opera 10.5 et sup\u00e9rieur ; Navigation priv\u00e9e.<\/li>\n<li>Fire Fox 3.5 et plus ; Navigation priv\u00e9e.<\/li>\n<li>Google Chrome 10 et sup\u00e9rieur ; Incognito.<\/li>\n<\/ul>\n<p>En ce qui concerne les cookies de tiers, c&rsquo;est-\u00e0-dire ceux qui ne font pas partie de notre site web, nous ne pouvons pas \u00eatre tenus responsables du contenu et de la v\u00e9racit\u00e9 des politiques de confidentialit\u00e9 qu&rsquo;ils incluent, de sorte que les informations que nous vous offrons sont toujours en r\u00e9f\u00e9rence \u00e0 la source. Pour en savoir plus sur les cookies de Google Analytics, vous pouvez consulter la page suivante <a href=\"https:\/\/policies.google.com\/technologies\/cookies?hl=es\" target=\"_blank\" rel=\"noreferrer noopener\">: https:\/\/policies.google.com\/technologies\/cookies?hl=es.<\/a> <\/p>\n<p>Vous pouvez d\u00e9sactiver les cookies de Google Analytics en utilisant le lien suivant <a href=\"https:\/\/tools.google.com\/dlpage\/gaoptout\" target=\"_blank\" rel=\"noreferrer noopener\">: https:\/\/tools.google.com\/dlpage\/gaoptout.<\/a> Pour en savoir plus sur les cookies Clarity (un outil d&rsquo;analyse de Microsoft Corporation), vous pouvez consulter la page suivante <a href=\"https:\/\/docs.microsoft.com\/en-us\/clarity\/cookie-list\" target=\"_blank\" rel=\"noreferrer noopener\">: https:\/\/docs.microsoft.com\/en-us\/clarity\/cookie-list.<\/a> <\/p>\n<p>Pour plus d&rsquo;informations sur les cookies et vos droits en tant qu&rsquo;utilisateur, vous pouvez consulter le Guide sur l&rsquo;utilisation des cookies \u00e9labor\u00e9 par l&rsquo;Agence espagnole de protection des donn\u00e9es en collaboration avec les associations ADIGITAL, Anuncian, Anuncian et l&rsquo;Agence espagnole de protection des donn\u00e9es.<\/p>\n\t\t\t\t\t\t\t\t<\/div>\n\t\t\t\t<\/div>\n\t\t\t\t<\/div>\n\t\t\t\t<\/div>\n\t\t\t\t<\/div>\n\t\t","protected":false},"excerpt":{"rendered":"<p>Politique en mati\u00e8re de cookies Conform\u00e9ment \u00e0 la loi 34\/2002 sur les services de la soci\u00e9t\u00e9 de l&rsquo;information et le commerce \u00e9lectronique, MULA AUTONOMOUS ROBOTS, S.L. vous informe qu&rsquo;un cookie est un fichier qui est t\u00e9l\u00e9charg\u00e9 sur votre ordinateur lorsque vous acc\u00e9dez \u00e0 certaines pages web. Les cookies permettent \u00e0 un site web, entre autres, [&hellip;]<\/p>\n","protected":false},"author":1,"featured_media":0,"parent":0,"menu_order":0,"comment_status":"closed","ping_status":"closed","template":"","meta":{"footnotes":""},"class_list":["post-3651","page","type-page","status-publish","hentry"],"yoast_head":"<!-- This site is optimized with the Yoast SEO plugin v27.4 - https:\/\/yoast.com\/product\/yoast-seo-wordpress\/ -->\n<title>Politique en mati\u00e8re de cookies - MULA<\/title>\n<meta name=\"robots\" content=\"index, follow, max-snippet:-1, max-image-preview:large, max-video-preview:-1\" \/>\n<link rel=\"canonical\" href=\"https:\/\/mula.ai\/fr\/politique-en-matiere-de-cookies\/\" \/>\n<meta property=\"og:locale\" content=\"fr_FR\" \/>\n<meta property=\"og:type\" content=\"article\" \/>\n<meta property=\"og:title\" content=\"Politique en mati\u00e8re de cookies - MULA\" \/>\n<meta property=\"og:description\" content=\"Politique en mati\u00e8re de cookies Conform\u00e9ment \u00e0 la loi 34\/2002 sur les services de la soci\u00e9t\u00e9 de l&rsquo;information et le commerce \u00e9lectronique, MULA AUTONOMOUS ROBOTS, S.L. vous informe qu&rsquo;un cookie est un fichier qui est t\u00e9l\u00e9charg\u00e9 sur votre ordinateur lorsque vous acc\u00e9dez \u00e0 certaines pages web. Les cookies permettent \u00e0 un site web, entre autres, [&hellip;]\" \/>\n<meta property=\"og:url\" content=\"https:\/\/mula.ai\/fr\/politique-en-matiere-de-cookies\/\" \/>\n<meta property=\"og:site_name\" content=\"MULA\" \/>\n<meta property=\"article:modified_time\" content=\"2024-11-13T13:48:07+00:00\" \/>\n<meta name=\"twitter:card\" content=\"summary_large_image\" \/>\n<meta name=\"twitter:label1\" content=\"Dur\u00e9e de lecture estim\u00e9e\" \/>\n\t<meta name=\"twitter:data1\" content=\"5 minutes\" \/>\n<script type=\"application\/ld+json\" class=\"yoast-schema-graph\">{\"@context\":\"https:\\\/\\\/schema.org\",\"@graph\":[{\"@type\":\"WebPage\",\"@id\":\"https:\\\/\\\/mula.ai\\\/fr\\\/politique-en-matiere-de-cookies\\\/\",\"url\":\"https:\\\/\\\/mula.ai\\\/fr\\\/politique-en-matiere-de-cookies\\\/\",\"name\":\"Politique en mati\u00e8re de cookies - MULA\",\"isPartOf\":{\"@id\":\"https:\\\/\\\/mula.ai\\\/#website\"},\"datePublished\":\"2024-11-08T10:57:09+00:00\",\"dateModified\":\"2024-11-13T13:48:07+00:00\",\"breadcrumb\":{\"@id\":\"https:\\\/\\\/mula.ai\\\/fr\\\/politique-en-matiere-de-cookies\\\/#breadcrumb\"},\"inLanguage\":\"fr-FR\",\"potentialAction\":[{\"@type\":\"ReadAction\",\"target\":[\"https:\\\/\\\/mula.ai\\\/fr\\\/politique-en-matiere-de-cookies\\\/\"]}]},{\"@type\":\"BreadcrumbList\",\"@id\":\"https:\\\/\\\/mula.ai\\\/fr\\\/politique-en-matiere-de-cookies\\\/#breadcrumb\",\"itemListElement\":[{\"@type\":\"ListItem\",\"position\":1,\"name\":\"Portada\",\"item\":\"https:\\\/\\\/mula.ai\\\/fr\\\/accueil\\\/\"},{\"@type\":\"ListItem\",\"position\":2,\"name\":\"Politique en mati\u00e8re de cookies\"}]},{\"@type\":\"WebSite\",\"@id\":\"https:\\\/\\\/mula.ai\\\/#website\",\"url\":\"https:\\\/\\\/mula.ai\\\/\",\"name\":\"MULA\",\"description\":\"Autonomous Farming\",\"publisher\":{\"@id\":\"https:\\\/\\\/mula.ai\\\/#organization\"},\"potentialAction\":[{\"@type\":\"SearchAction\",\"target\":{\"@type\":\"EntryPoint\",\"urlTemplate\":\"https:\\\/\\\/mula.ai\\\/?s={search_term_string}\"},\"query-input\":{\"@type\":\"PropertyValueSpecification\",\"valueRequired\":true,\"valueName\":\"search_term_string\"}}],\"inLanguage\":\"fr-FR\"},{\"@type\":\"Organization\",\"@id\":\"https:\\\/\\\/mula.ai\\\/#organization\",\"name\":\"MULA\",\"url\":\"https:\\\/\\\/mula.ai\\\/\",\"logo\":{\"@type\":\"ImageObject\",\"inLanguage\":\"fr-FR\",\"@id\":\"https:\\\/\\\/mula.ai\\\/#\\\/schema\\\/logo\\\/image\\\/\",\"url\":\"https:\\\/\\\/mula.ai\\\/wp-content\\\/uploads\\\/2024\\\/10\\\/LOGO-MULA-blanco.png\",\"contentUrl\":\"https:\\\/\\\/mula.ai\\\/wp-content\\\/uploads\\\/2024\\\/10\\\/LOGO-MULA-blanco.png\",\"width\":1530,\"height\":592,\"caption\":\"MULA\"},\"image\":{\"@id\":\"https:\\\/\\\/mula.ai\\\/#\\\/schema\\\/logo\\\/image\\\/\"}}]}<\/script>\n<!-- \/ Yoast SEO plugin. -->","yoast_head_json":{"title":"Politique en mati\u00e8re de cookies - MULA","robots":{"index":"index","follow":"follow","max-snippet":"max-snippet:-1","max-image-preview":"max-image-preview:large","max-video-preview":"max-video-preview:-1"},"canonical":"https:\/\/mula.ai\/fr\/politique-en-matiere-de-cookies\/","og_locale":"fr_FR","og_type":"article","og_title":"Politique en mati\u00e8re de cookies - MULA","og_description":"Politique en mati\u00e8re de cookies Conform\u00e9ment \u00e0 la loi 34\/2002 sur les services de la soci\u00e9t\u00e9 de l&rsquo;information et le commerce \u00e9lectronique, MULA AUTONOMOUS ROBOTS, S.L. vous informe qu&rsquo;un cookie est un fichier qui est t\u00e9l\u00e9charg\u00e9 sur votre ordinateur lorsque vous acc\u00e9dez \u00e0 certaines pages web. Les cookies permettent \u00e0 un site web, entre autres, [&hellip;]","og_url":"https:\/\/mula.ai\/fr\/politique-en-matiere-de-cookies\/","og_site_name":"MULA","article_modified_time":"2024-11-13T13:48:07+00:00","twitter_card":"summary_large_image","twitter_misc":{"Dur\u00e9e de lecture estim\u00e9e":"5 minutes"},"schema":{"@context":"https:\/\/schema.org","@graph":[{"@type":"WebPage","@id":"https:\/\/mula.ai\/fr\/politique-en-matiere-de-cookies\/","url":"https:\/\/mula.ai\/fr\/politique-en-matiere-de-cookies\/","name":"Politique en mati\u00e8re de cookies - MULA","isPartOf":{"@id":"https:\/\/mula.ai\/#website"},"datePublished":"2024-11-08T10:57:09+00:00","dateModified":"2024-11-13T13:48:07+00:00","breadcrumb":{"@id":"https:\/\/mula.ai\/fr\/politique-en-matiere-de-cookies\/#breadcrumb"},"inLanguage":"fr-FR","potentialAction":[{"@type":"ReadAction","target":["https:\/\/mula.ai\/fr\/politique-en-matiere-de-cookies\/"]}]},{"@type":"BreadcrumbList","@id":"https:\/\/mula.ai\/fr\/politique-en-matiere-de-cookies\/#breadcrumb","itemListElement":[{"@type":"ListItem","position":1,"name":"Portada","item":"https:\/\/mula.ai\/fr\/accueil\/"},{"@type":"ListItem","position":2,"name":"Politique en mati\u00e8re de cookies"}]},{"@type":"WebSite","@id":"https:\/\/mula.ai\/#website","url":"https:\/\/mula.ai\/","name":"MULA","description":"Autonomous Farming","publisher":{"@id":"https:\/\/mula.ai\/#organization"},"potentialAction":[{"@type":"SearchAction","target":{"@type":"EntryPoint","urlTemplate":"https:\/\/mula.ai\/?s={search_term_string}"},"query-input":{"@type":"PropertyValueSpecification","valueRequired":true,"valueName":"search_term_string"}}],"inLanguage":"fr-FR"},{"@type":"Organization","@id":"https:\/\/mula.ai\/#organization","name":"MULA","url":"https:\/\/mula.ai\/","logo":{"@type":"ImageObject","inLanguage":"fr-FR","@id":"https:\/\/mula.ai\/#\/schema\/logo\/image\/","url":"https:\/\/mula.ai\/wp-content\/uploads\/2024\/10\/LOGO-MULA-blanco.png","contentUrl":"https:\/\/mula.ai\/wp-content\/uploads\/2024\/10\/LOGO-MULA-blanco.png","width":1530,"height":592,"caption":"MULA"},"image":{"@id":"https:\/\/mula.ai\/#\/schema\/logo\/image\/"}}]}},"_links":{"self":[{"href":"https:\/\/mula.ai\/fr\/wp-json\/wp\/v2\/pages\/3651","targetHints":{"allow":["GET"]}}],"collection":[{"href":"https:\/\/mula.ai\/fr\/wp-json\/wp\/v2\/pages"}],"about":[{"href":"https:\/\/mula.ai\/fr\/wp-json\/wp\/v2\/types\/page"}],"author":[{"embeddable":true,"href":"https:\/\/mula.ai\/fr\/wp-json\/wp\/v2\/users\/1"}],"replies":[{"embeddable":true,"href":"https:\/\/mula.ai\/fr\/wp-json\/wp\/v2\/comments?post=3651"}],"version-history":[{"count":5,"href":"https:\/\/mula.ai\/fr\/wp-json\/wp\/v2\/pages\/3651\/revisions"}],"predecessor-version":[{"id":4100,"href":"https:\/\/mula.ai\/fr\/wp-json\/wp\/v2\/pages\/3651\/revisions\/4100"}],"wp:attachment":[{"href":"https:\/\/mula.ai\/fr\/wp-json\/wp\/v2\/media?parent=3651"}],"curies":[{"name":"wp","href":"https:\/\/api.w.org\/{rel}","templated":true}]}}